{"id":1419,"date":"2024-05-20T20:30:07","date_gmt":"2024-05-21T03:30:07","guid":{"rendered":"https:\/\/www.primesteelsolutions.com\/?page_id=1419"},"modified":"2024-06-27T18:09:24","modified_gmt":"2024-06-28T01:09:24","slug":"postes-de-senaletica","status":"publish","type":"page","link":"https:\/\/www.primesteelsolutions.com\/en\/postes-de-senaletica\/","title":{"rendered":"Signage Poles"},"content":{"rendered":"<style>.kb-row-layout-id1419_750bef-e7 > .kt-row-column-wrap{align-content:start;}:where(.kb-row-layout-id1419_750bef-e7 > .kt-row-column-wrap) > .wp-block-kadence-column{justify-content:start;}.kb-row-layout-id1419_750bef-e7 > .kt-row-column-wrap{column-gap:var(--global-kb-gap-md, 2rem);row-gap:var(--global-kb-gap-md, 2rem);max-width:800px;margin-left:auto;margin-right:auto;padding-top:250px;padding-right:20px;padding-bottom:90px;padding-left:20px;grid-template-columns:minmax(0, 1fr);}.kb-row-layout-id1419_750bef-e7{background-image:url('https:\/\/www.primesteelsolutions.com\/site\/wp-content\/uploads\/2024\/05\/postes1.webp');background-size:cover;background-position:44% 85%;background-attachment:fixed;background-repeat:no-repeat;}.kb-row-layout-id1419_750bef-e7 > .kt-row-layout-overlay{opacity:0.65;background-color:var(--global-palette3, #1A202C);}@media all and (max-width: 1024px), only screen and (min-device-width: 1024px) and (max-device-width: 1366px) and (-webkit-min-device-pixel-ratio: 2) and (hover: none){.kb-row-layout-id1419_750bef-e7{background-attachment:scroll;}}@media all and (max-width: 1024px){.kb-row-layout-id1419_750bef-e7 > .kt-row-column-wrap{padding-top:115px;padding-right:0px;padding-bottom:80px;padding-left:0px;grid-template-columns:minmax(0, 1fr);}}@media all and (max-width: 767px){.kb-row-layout-id1419_750bef-e7 > .kt-row-column-wrap{padding-top:110px;padding-right:30px;padding-bottom:60px;padding-left:30px;grid-template-columns:minmax(0, 1fr);}}<\/style><div class=\"kb-row-layout-wrap kb-row-layout-id1419_750bef-e7 alignnone kt-row-has-bg kt-jarallax wp-block-kadence-rowlayout\" data-img-position=\"44% 85%\" data-img-size=\"cover\"><div class=\"kt-row-layout-overlay kt-row-overlay-normal\"><\/div><div class=\"kt-row-column-wrap kt-has-1-columns kt-row-layout-equal kt-tab-layout-inherit kt-mobile-layout-row kt-row-valign-top\">\n<style>.kadence-column1419_134826-c5 > .kt-inside-inner-col,.kadence-column1419_134826-c5 > .kt-inside-inner-col:before{border-top-left-radius:0px;border-top-right-radius:0px;border-bottom-right-radius:0px;border-bottom-left-radius:0px;}.kadence-column1419_134826-c5 > .kt-inside-inner-col{column-gap:var(--global-kb-gap-sm, 1rem);}.kadence-column1419_134826-c5 > .kt-inside-inner-col{flex-direction:column;}.kadence-column1419_134826-c5 > .kt-inside-inner-col > .aligncenter{width:100%;}.kadence-column1419_134826-c5 > .kt-inside-inner-col:before{opacity:0.3;}.kadence-column1419_134826-c5{position:relative;}@media all and (max-width: 1024px){.kadence-column1419_134826-c5 > .kt-inside-inner-col{flex-direction:column;justify-content:center;}}@media all and (max-width: 767px){.kadence-column1419_134826-c5 > .kt-inside-inner-col{flex-direction:column;justify-content:center;}}<\/style>\n<div class=\"wp-block-kadence-column kadence-column1419_134826-c5 inner-column-1\"><div class=\"kt-inside-inner-col\"><style>.wp-block-kadence-advancedheading.kt-adv-heading1419_189758-8a, .wp-block-kadence-advancedheading.kt-adv-heading1419_189758-8a[data-kb-block=\"kb-adv-heading1419_189758-8a\"]{text-align:center;font-style:normal;}.wp-block-kadence-advancedheading.kt-adv-heading1419_189758-8a mark.kt-highlight, .wp-block-kadence-advancedheading.kt-adv-heading1419_189758-8a[data-kb-block=\"kb-adv-heading1419_189758-8a\"] mark.kt-highlight{font-style:normal;color:#f76a0c;-webkit-box-decoration-break:clone;box-decoration-break:clone;padding-top:0px;padding-right:0px;padding-bottom:0px;padding-left:0px;}.wp-block-kadence-advancedheading.kt-adv-heading1419_189758-8a img.kb-inline-image, .wp-block-kadence-advancedheading.kt-adv-heading1419_189758-8a[data-kb-block=\"kb-adv-heading1419_189758-8a\"] img.kb-inline-image{width:150px;vertical-align:baseline;}<\/style>\n<h1 class=\"kt-adv-heading1419_189758-8a wp-block-kadence-advancedheading has-theme-palette-9-color has-text-color\" data-kb-block=\"kb-adv-heading1419_189758-8a\" data-aos=\"zoom-in-up\" data-aos-duration=\"1200\">Postes de se\u00f1al\u00e9tica<\/h1>\n<\/div><\/div>\n\n<\/div><\/div>\n\n<style>.kb-row-layout-id1419_9ef95b-30 > .kt-row-column-wrap{align-content:start;}:where(.kb-row-layout-id1419_9ef95b-30 > .kt-row-column-wrap) > .wp-block-kadence-column{justify-content:start;}.kb-row-layout-id1419_9ef95b-30 > .kt-row-column-wrap{column-gap:var(--global-kb-gap-md, 2rem);row-gap:var(--global-kb-gap-md, 2rem);padding-top:var(--global-kb-spacing-sm, 1.5rem);padding-bottom:var(--global-kb-spacing-sm, 1.5rem);grid-template-columns:minmax(0, 1fr);}.kb-row-layout-id1419_9ef95b-30{border-bottom:20px solid var(--global-palette1, #3182CE);}.kb-row-layout-id1419_9ef95b-30 > .kt-row-layout-overlay{opacity:0.30;}@media all and (max-width: 1024px){.kb-row-layout-id1419_9ef95b-30 > .kt-row-column-wrap{grid-template-columns:minmax(0, 1fr);}}@media all and (max-width: 1024px){.kb-row-layout-id1419_9ef95b-30{border-bottom:20px solid var(--global-palette1, #3182CE);}}@media all and (max-width: 767px){.kb-row-layout-id1419_9ef95b-30 > .kt-row-column-wrap{grid-template-columns:minmax(0, 1fr);}.kb-row-layout-id1419_9ef95b-30{border-bottom:20px solid var(--global-palette1, #3182CE);}}<\/style><div class=\"kb-row-layout-wrap kb-row-layout-id1419_9ef95b-30 alignnone wp-block-kadence-rowlayout\"><div class=\"kt-row-column-wrap kt-has-1-columns kt-row-layout-equal kt-tab-layout-inherit kt-mobile-layout-row kt-row-valign-top\">\n<style>.kadence-column1419_f31f9f-0f > .kt-inside-inner-col,.kadence-column1419_f31f9f-0f > .kt-inside-inner-col:before{border-top-left-radius:0px;border-top-right-radius:0px;border-bottom-right-radius:0px;border-bottom-left-radius:0px;}.kadence-column1419_f31f9f-0f > .kt-inside-inner-col{column-gap:var(--global-kb-gap-sm, 1rem);}.kadence-column1419_f31f9f-0f > .kt-inside-inner-col{flex-direction:column;}.kadence-column1419_f31f9f-0f > .kt-inside-inner-col > .aligncenter{width:100%;}.kadence-column1419_f31f9f-0f > .kt-inside-inner-col:before{opacity:0.3;}.kadence-column1419_f31f9f-0f{position:relative;}@media all and (max-width: 1024px){.kadence-column1419_f31f9f-0f > .kt-inside-inner-col{flex-direction:column;justify-content:center;}}@media all and (max-width: 767px){.kadence-column1419_f31f9f-0f > .kt-inside-inner-col{flex-direction:column;justify-content:center;}}<\/style>\n<div class=\"wp-block-kadence-column kadence-column1419_f31f9f-0f\"><div class=\"kt-inside-inner-col\"><style>.kb-gallery-id-1419_99c4fb-d4.kb-gallery-ul.kb-gallery-type-fluidcarousel .kt-blocks-carousel figure .kb-gal-image-radius, .kb-gallery-id-1419_99c4fb-d4.kb-gallery-ul.kb-gallery-type-fluidcarousel .kt-blocks-carousel figure .kb-gal-image-radius img{height:200px;}.kb-gallery-id-1419_99c4fb-d4 .kadence-blocks-gallery-item .kb-gal-image-radius, .kb-gallery-id-1419_99c4fb-d4 .kb-slide-item .kb-gal-image-radius img{border-radius:0px 0px 0px 0px;;}.kb-gallery-wrap-id-1419_99c4fb-d4.wp-block-kadence-advancedgallery{overflow:visible;}.kb-gallery-wrap-id-1419_99c4fb-d4.wp-block-kadence-advancedgallery .kt-blocks-carousel{overflow:visible;max-width:100%;}<\/style><div class=\"kb-gallery-wrap-id-1419_99c4fb-d4 alignnone wp-block-kadence-advancedgallery\"><div class=\"kb-gallery-ul kb-gallery-non-static kb-gallery-type-fluidcarousel kb-gallery-id-1419_99c4fb-d4 kb-gallery-caption-style-bottom-hover kb-gallery-filter-none kb-gallery-magnific-init\" data-image-filter=\"none\" data-lightbox-caption=\"true\"><div class=\"kt-blocks-carousel splide kt-carousel-container-dotstyle-none kt-carousel-arrowstyle-whiteondark kt-carousel-dotstyle-none kb-slider-group-arrow kb-slider-arrow-position-center\" data-slider-anim-speed=\"800\" data-slider-scroll=\"1\" data-slider-arrows=\"true\" data-slider-dots=\"false\" data-slider-hover-pause=\"false\" data-slider-auto=\"1\" data-slider-speed=\"4000\" data-slider-type=\"fluidcarousel\" data-slider-center-mode=\"true\" data-slider-gap=\"10px\" data-slider-gap-tablet=\"10px\" data-slider-gap-mobile=\"10px\" data-show-pause-button=\"false\"><div class=\"splide__track\"><ul class=\"kt-blocks-carousel-init kb-blocks-fluid-carousel splide__list\"><li class=\"kb-slide-item kb-gallery-carousel-item splide__slide\"><div class=\"kadence-blocks-gallery-item\"><div class=\"kadence-blocks-gallery-item-inner\"><figure class=\"kb-gallery-figure kb-gallery-item-has-link kadence-blocks-gallery-item-hide-caption\"><a href=\"https:\/\/www.primesteelsolutions.com\/site\/wp-content\/uploads\/2024\/05\/postes1.webp\" class=\"kb-gallery-item-link\"   role=\"button\" aria-haspopup=\"dialog\"><div class=\"kb-gal-image-radius\"><div class=\"kb-gallery-image-contain\" ><img loading=\"lazy\" decoding=\"async\" src=\"data:image\/svg+xml,%3Csvg%20xmlns='http:\/\/www.w3.org\/2000\/svg'%20viewBox='0%200%201000%20667'%3E%3C\/svg%3E\"  data-splide-lazy=\"https:\/\/www.primesteelsolutions.com\/site\/wp-content\/uploads\/2024\/05\/postes1-232x300.webp\" width=\"232\" height=\"300\" alt=\"\" data-full-image=\"https:\/\/www.primesteelsolutions.com\/site\/wp-content\/uploads\/2024\/05\/postes1.webp\" data-light-image=\"https:\/\/www.primesteelsolutions.com\/site\/wp-content\/uploads\/2024\/05\/postes1.webp\" data-splide-lazy-srcset=\"https:\/\/www.primesteelsolutions.com\/site\/wp-content\/uploads\/2024\/05\/postes1-232x300.webp 232w, https:\/\/www.primesteelsolutions.com\/site\/wp-content\/uploads\/2024\/05\/postes1.webp 381w\" sizes=\"auto, (max-width: 232px) 100vw, 232px\"data-id=\"1421\" class=\"wp-image-1421 skip-lazy\"\/><\/div><\/div><\/a><\/figure><\/div><\/div><\/li><li class=\"kb-slide-item kb-gallery-carousel-item splide__slide\"><div class=\"kadence-blocks-gallery-item\"><div class=\"kadence-blocks-gallery-item-inner\"><figure class=\"kb-gallery-figure kb-gallery-item-has-link kadence-blocks-gallery-item-hide-caption\"><a href=\"https:\/\/www.primesteelsolutions.com\/site\/wp-content\/uploads\/2024\/05\/postes2.webp\" class=\"kb-gallery-item-link\"   role=\"button\" aria-haspopup=\"dialog\"><div class=\"kb-gal-image-radius\"><div class=\"kb-gallery-image-contain\" ><img loading=\"lazy\" decoding=\"async\" src=\"data:image\/svg+xml,%3Csvg%20xmlns='http:\/\/www.w3.org\/2000\/svg'%20viewBox='0%200%201000%20667'%3E%3C\/svg%3E\"  data-splide-lazy=\"https:\/\/www.primesteelsolutions.com\/site\/wp-content\/uploads\/2024\/05\/postes2-208x300.webp\" width=\"208\" height=\"300\" alt=\"\" data-full-image=\"https:\/\/www.primesteelsolutions.com\/site\/wp-content\/uploads\/2024\/05\/postes2.webp\" data-light-image=\"https:\/\/www.primesteelsolutions.com\/site\/wp-content\/uploads\/2024\/05\/postes2.webp\" data-splide-lazy-srcset=\"https:\/\/www.primesteelsolutions.com\/site\/wp-content\/uploads\/2024\/05\/postes2-208x300.webp 208w, https:\/\/www.primesteelsolutions.com\/site\/wp-content\/uploads\/2024\/05\/postes2.webp 337w\" sizes=\"auto, (max-width: 208px) 100vw, 208px\"data-id=\"1422\" class=\"wp-image-1422 skip-lazy\"\/><\/div><\/div><\/a><\/figure><\/div><\/div><\/li><li class=\"kb-slide-item kb-gallery-carousel-item splide__slide\"><div class=\"kadence-blocks-gallery-item\"><div class=\"kadence-blocks-gallery-item-inner\"><figure class=\"kb-gallery-figure kb-gallery-item-has-link kadence-blocks-gallery-item-hide-caption\"><a href=\"https:\/\/www.primesteelsolutions.com\/site\/wp-content\/uploads\/2024\/05\/postes3.webp\" class=\"kb-gallery-item-link\"   role=\"button\" aria-haspopup=\"dialog\"><div class=\"kb-gal-image-radius\"><div class=\"kb-gallery-image-contain\" ><img loading=\"lazy\" decoding=\"async\" src=\"data:image\/svg+xml,%3Csvg%20xmlns='http:\/\/www.w3.org\/2000\/svg'%20viewBox='0%200%201000%20667'%3E%3C\/svg%3E\"  data-splide-lazy=\"https:\/\/www.primesteelsolutions.com\/site\/wp-content\/uploads\/2024\/05\/postes3.webp\" width=\"143\" height=\"214\" alt=\"\" data-full-image=\"https:\/\/www.primesteelsolutions.com\/site\/wp-content\/uploads\/2024\/05\/postes3.webp\" data-light-image=\"https:\/\/www.primesteelsolutions.com\/site\/wp-content\/uploads\/2024\/05\/postes3.webp\" data-id=\"1423\" class=\"wp-image-1423 skip-lazy\"\/><\/div><\/div><\/a><\/figure><\/div><\/div><\/li><\/ul><\/div><\/div><\/div><\/div>\n\n<style>.kb-row-layout-id1419_518257-6b > .kt-row-column-wrap{align-content:start;}:where(.kb-row-layout-id1419_518257-6b > .kt-row-column-wrap) > .wp-block-kadence-column{justify-content:start;}.kb-row-layout-id1419_518257-6b > .kt-row-column-wrap{column-gap:var(--global-kb-gap-md, 2rem);row-gap:var(--global-kb-gap-md, 2rem);max-width:var( --global-content-width, 1290px );padding-left:var(--global-content-edge-padding);padding-right:var(--global-content-edge-padding);padding-top:var(--global-kb-spacing-sm, 1.5rem);padding-bottom:var(--global-kb-spacing-sm, 1.5rem);grid-template-columns:minmax(0, 1fr);}.kb-row-layout-id1419_518257-6b > .kt-row-layout-overlay{opacity:0.30;}@media all and (max-width: 1024px){.kb-row-layout-id1419_518257-6b > .kt-row-column-wrap{grid-template-columns:minmax(0, 1fr);}}@media all and (max-width: 767px){.kb-row-layout-id1419_518257-6b > .kt-row-column-wrap{grid-template-columns:minmax(0, 1fr);}}<\/style><div class=\"kb-row-layout-wrap kb-row-layout-id1419_518257-6b alignnone wp-block-kadence-rowlayout\"><div class=\"kt-row-column-wrap kt-has-1-columns kt-row-layout-equal kt-tab-layout-inherit kt-mobile-layout-row kt-row-valign-top kb-theme-content-width\">\n<style>.kadence-column1419_5cad16-7d > .kt-inside-inner-col,.kadence-column1419_5cad16-7d > .kt-inside-inner-col:before{border-top-left-radius:0px;border-top-right-radius:0px;border-bottom-right-radius:0px;border-bottom-left-radius:0px;}.kadence-column1419_5cad16-7d > .kt-inside-inner-col{column-gap:var(--global-kb-gap-sm, 1rem);}.kadence-column1419_5cad16-7d > .kt-inside-inner-col{flex-direction:column;}.kadence-column1419_5cad16-7d > .kt-inside-inner-col > .aligncenter{width:100%;}.kadence-column1419_5cad16-7d > .kt-inside-inner-col:before{opacity:0.3;}.kadence-column1419_5cad16-7d{position:relative;}@media all and (max-width: 1024px){.kadence-column1419_5cad16-7d > .kt-inside-inner-col{flex-direction:column;justify-content:center;}}@media all and (max-width: 767px){.kadence-column1419_5cad16-7d > .kt-inside-inner-col{flex-direction:column;justify-content:center;}}<\/style>\n<div class=\"wp-block-kadence-column kadence-column1419_5cad16-7d\"><div class=\"kt-inside-inner-col\"><style>.wp-block-kadence-advancedheading.kt-adv-heading1419_eb2060-ca, .wp-block-kadence-advancedheading.kt-adv-heading1419_eb2060-ca[data-kb-block=\"kb-adv-heading1419_eb2060-ca\"]{font-size:var(--global-kb-font-size-md, 1.25rem);font-style:normal;text-transform:none;}.wp-block-kadence-advancedheading.kt-adv-heading1419_eb2060-ca mark.kt-highlight, .wp-block-kadence-advancedheading.kt-adv-heading1419_eb2060-ca[data-kb-block=\"kb-adv-heading1419_eb2060-ca\"] mark.kt-highlight{font-style:normal;color:#f76a0c;-webkit-box-decoration-break:clone;box-decoration-break:clone;padding-top:0px;padding-right:0px;padding-bottom:0px;padding-left:0px;}.wp-block-kadence-advancedheading.kt-adv-heading1419_eb2060-ca img.kb-inline-image, .wp-block-kadence-advancedheading.kt-adv-heading1419_eb2060-ca[data-kb-block=\"kb-adv-heading1419_eb2060-ca\"] img.kb-inline-image{width:150px;vertical-align:baseline;}<\/style>\n<h2 class=\"kt-adv-heading1419_eb2060-ca wp-block-kadence-advancedheading has-theme-palette-2-color has-text-color\" data-kb-block=\"kb-adv-heading1419_eb2060-ca\">Postes de Se\u00f1alizaci\u00f3n: Mejore la Visibilidad y Orientaci\u00f3n<\/h2>\n\n\n\n<p>Nuestros postes de se\u00f1alizaci\u00f3n est\u00e1n dise\u00f1ados para mejorar la visibilidad y proporcionar una orientaci\u00f3n clara para peatones, conductores y visitantes en diversos entornos. Ya sea que necesite se\u00f1alizaci\u00f3n para carreteras, estacionamientos, campus o espacios p\u00fablicos, nuestros postes duraderos y confiables garantizan una comunicaci\u00f3n efectiva y seguridad.<\/p>\n\n\n<style>.wp-block-kadence-advancedheading.kt-adv-heading1419_27ac50-b2, .wp-block-kadence-advancedheading.kt-adv-heading1419_27ac50-b2[data-kb-block=\"kb-adv-heading1419_27ac50-b2\"]{font-size:26px;font-style:normal;text-transform:none;}.wp-block-kadence-advancedheading.kt-adv-heading1419_27ac50-b2 mark.kt-highlight, .wp-block-kadence-advancedheading.kt-adv-heading1419_27ac50-b2[data-kb-block=\"kb-adv-heading1419_27ac50-b2\"] mark.kt-highlight{font-style:normal;color:#f76a0c;-webkit-box-decoration-break:clone;box-decoration-break:clone;padding-top:0px;padding-right:0px;padding-bottom:0px;padding-left:0px;}.wp-block-kadence-advancedheading.kt-adv-heading1419_27ac50-b2 img.kb-inline-image, .wp-block-kadence-advancedheading.kt-adv-heading1419_27ac50-b2[data-kb-block=\"kb-adv-heading1419_27ac50-b2\"] img.kb-inline-image{width:150px;vertical-align:baseline;}<\/style>\n<h2 class=\"kt-adv-heading1419_27ac50-b2 wp-block-kadence-advancedheading\" data-kb-block=\"kb-adv-heading1419_27ac50-b2\"><strong>Orientaci\u00f3n Clara<\/strong><\/h2>\n\n\n\n<p>Desde se\u00f1ales direccionales hasta advertencias de seguridad, nuestros postes ayudan a transmitir informaci\u00f3n esencial e instrucciones a peatones y conductores. Con una construcci\u00f3n resistente y opciones de montaje seguro, nuestros postes brindan un soporte confiable para la se\u00f1alizaci\u00f3n en cualquier ubicaci\u00f3n.<\/p>\n\n\n<style>.wp-block-kadence-advancedheading.kt-adv-heading1419_26d357-1f, .wp-block-kadence-advancedheading.kt-adv-heading1419_26d357-1f[data-kb-block=\"kb-adv-heading1419_26d357-1f\"]{font-size:26px;font-style:normal;text-transform:none;}.wp-block-kadence-advancedheading.kt-adv-heading1419_26d357-1f mark.kt-highlight, .wp-block-kadence-advancedheading.kt-adv-heading1419_26d357-1f[data-kb-block=\"kb-adv-heading1419_26d357-1f\"] mark.kt-highlight{font-style:normal;color:#f76a0c;-webkit-box-decoration-break:clone;box-decoration-break:clone;padding-top:0px;padding-right:0px;padding-bottom:0px;padding-left:0px;}.wp-block-kadence-advancedheading.kt-adv-heading1419_26d357-1f img.kb-inline-image, .wp-block-kadence-advancedheading.kt-adv-heading1419_26d357-1f[data-kb-block=\"kb-adv-heading1419_26d357-1f\"] img.kb-inline-image{width:150px;vertical-align:baseline;}<\/style>\n<h2 class=\"kt-adv-heading1419_26d357-1f wp-block-kadence-advancedheading\" data-kb-block=\"kb-adv-heading1419_26d357-1f\">Construcci\u00f3n Duradera<\/h2>\n\n\n\n<p>Construidos para resistir los elementos y el uso intensivo, nuestros postes de se\u00f1alizaci\u00f3n est\u00e1n fabricados con materiales de alta calidad que ofrecen durabilidad y longevidad. Con acabados resistentes a la corrosi\u00f3n y dise\u00f1os robustos, nuestros postes mantienen su integridad y funcionalidad con el tiempo.<\/p>\n\n\n<style>.wp-block-kadence-advancedheading.kt-adv-heading1419_63929f-b8, .wp-block-kadence-advancedheading.kt-adv-heading1419_63929f-b8[data-kb-block=\"kb-adv-heading1419_63929f-b8\"]{font-size:26px;font-style:normal;text-transform:none;}.wp-block-kadence-advancedheading.kt-adv-heading1419_63929f-b8 mark.kt-highlight, .wp-block-kadence-advancedheading.kt-adv-heading1419_63929f-b8[data-kb-block=\"kb-adv-heading1419_63929f-b8\"] mark.kt-highlight{font-style:normal;color:#f76a0c;-webkit-box-decoration-break:clone;box-decoration-break:clone;padding-top:0px;padding-right:0px;padding-bottom:0px;padding-left:0px;}.wp-block-kadence-advancedheading.kt-adv-heading1419_63929f-b8 img.kb-inline-image, .wp-block-kadence-advancedheading.kt-adv-heading1419_63929f-b8[data-kb-block=\"kb-adv-heading1419_63929f-b8\"] img.kb-inline-image{width:150px;vertical-align:baseline;}<\/style>\n<h2 class=\"kt-adv-heading1419_63929f-b8 wp-block-kadence-advancedheading\" data-kb-block=\"kb-adv-heading1419_63929f-b8\">Aplicaciones Vers\u00e1tiles<\/h2>\n\n\n\n<p>Ya sea que necesite postes de se\u00f1alizaci\u00f3n individuales o m\u00faltiples, nuestras opciones vers\u00e1tiles pueden adaptarse a diversas necesidades y configuraciones de se\u00f1alizaci\u00f3n. Desde instalaciones est\u00e1ndar hasta dise\u00f1os personalizados, ofrecemos soluciones adaptadas a sus requisitos espec\u00edficos.<\/p>\n\n\n<style>.wp-block-kadence-advancedheading.kt-adv-heading1419_382193-b1, .wp-block-kadence-advancedheading.kt-adv-heading1419_382193-b1[data-kb-block=\"kb-adv-heading1419_382193-b1\"]{font-size:26px;font-style:normal;text-transform:none;}.wp-block-kadence-advancedheading.kt-adv-heading1419_382193-b1 mark.kt-highlight, .wp-block-kadence-advancedheading.kt-adv-heading1419_382193-b1[data-kb-block=\"kb-adv-heading1419_382193-b1\"] mark.kt-highlight{font-style:normal;color:#f76a0c;-webkit-box-decoration-break:clone;box-decoration-break:clone;padding-top:0px;padding-right:0px;padding-bottom:0px;padding-left:0px;}.wp-block-kadence-advancedheading.kt-adv-heading1419_382193-b1 img.kb-inline-image, .wp-block-kadence-advancedheading.kt-adv-heading1419_382193-b1[data-kb-block=\"kb-adv-heading1419_382193-b1\"] img.kb-inline-image{width:150px;vertical-align:baseline;}<\/style>\n<h2 class=\"kt-adv-heading1419_382193-b1 wp-block-kadence-advancedheading\" data-kb-block=\"kb-adv-heading1419_382193-b1\">Instalaci\u00f3n F\u00e1cil<\/h2>\n\n\n\n<p>Nuestros postes de se\u00f1alizaci\u00f3n est\u00e1n dise\u00f1ados para una instalaci\u00f3n f\u00e1cil, lo que le ahorra tiempo y esfuerzo durante el montaje. Con procedimientos de ensamblaje y montaje simples, nuestros postes pueden instalarse r\u00e1pidamente y de manera segura en cualquier ubicaci\u00f3n.<\/p>\n\n\n<style>.wp-block-kadence-advancedheading.kt-adv-heading1419_1a7927-0a, .wp-block-kadence-advancedheading.kt-adv-heading1419_1a7927-0a[data-kb-block=\"kb-adv-heading1419_1a7927-0a\"]{font-size:26px;font-style:normal;text-transform:none;}.wp-block-kadence-advancedheading.kt-adv-heading1419_1a7927-0a mark.kt-highlight, .wp-block-kadence-advancedheading.kt-adv-heading1419_1a7927-0a[data-kb-block=\"kb-adv-heading1419_1a7927-0a\"] mark.kt-highlight{font-style:normal;color:#f76a0c;-webkit-box-decoration-break:clone;box-decoration-break:clone;padding-top:0px;padding-right:0px;padding-bottom:0px;padding-left:0px;}.wp-block-kadence-advancedheading.kt-adv-heading1419_1a7927-0a img.kb-inline-image, .wp-block-kadence-advancedheading.kt-adv-heading1419_1a7927-0a[data-kb-block=\"kb-adv-heading1419_1a7927-0a\"] img.kb-inline-image{width:150px;vertical-align:baseline;}<\/style>\n<h2 class=\"kt-adv-heading1419_1a7927-0a wp-block-kadence-advancedheading\" data-kb-block=\"kb-adv-heading1419_1a7927-0a\">Cumplimiento con Normativas<\/h2>\n\n\n\n<p>Desde altura y color hasta opciones de montaje y accesorios, nuestros postes de se\u00f1alizaci\u00f3n pueden personalizarse para cumplir con sus especificaciones \u00fanicas. Con nuestros servicios de personalizaci\u00f3n, puede crear soluciones de se\u00f1alizaci\u00f3n que se adapten perfectamente a los requisitos de su proyecto.<\/p>\n\n\n<style>.wp-block-kadence-advancedheading.kt-adv-heading1419_b7a3c1-6b, .wp-block-kadence-advancedheading.kt-adv-heading1419_b7a3c1-6b[data-kb-block=\"kb-adv-heading1419_b7a3c1-6b\"]{font-size:26px;font-style:normal;text-transform:none;}.wp-block-kadence-advancedheading.kt-adv-heading1419_b7a3c1-6b mark.kt-highlight, .wp-block-kadence-advancedheading.kt-adv-heading1419_b7a3c1-6b[data-kb-block=\"kb-adv-heading1419_b7a3c1-6b\"] mark.kt-highlight{font-style:normal;color:#f76a0c;-webkit-box-decoration-break:clone;box-decoration-break:clone;padding-top:0px;padding-right:0px;padding-bottom:0px;padding-left:0px;}.wp-block-kadence-advancedheading.kt-adv-heading1419_b7a3c1-6b img.kb-inline-image, .wp-block-kadence-advancedheading.kt-adv-heading1419_b7a3c1-6b[data-kb-block=\"kb-adv-heading1419_b7a3c1-6b\"] img.kb-inline-image{width:150px;vertical-align:baseline;}<\/style>\n<h2 class=\"kt-adv-heading1419_b7a3c1-6b wp-block-kadence-advancedheading\" data-kb-block=\"kb-adv-heading1419_b7a3c1-6b\">Opciones de Personalizaci\u00f3n<\/h2>\n\n\n\n<p>Desde altura y color hasta opciones de montaje y accesorios, nuestros postes de se\u00f1alizaci\u00f3n pueden personalizarse para cumplir con sus especificaciones \u00fanicas. Con nuestros servicios de personalizaci\u00f3n, puede crear soluciones de se\u00f1alizaci\u00f3n que se adapten perfectamente a los requisitos de su proyecto.<\/p>\n<\/div><\/div>\n\n<\/div><\/div><\/div><\/div>\n\n<\/div><\/div>","protected":false},"excerpt":{"rendered":"<p>Postes de se\u00f1al\u00e9tica Postes de Se\u00f1alizaci\u00f3n: Mejore la Visibilidad y Orientaci\u00f3n Nuestros postes de se\u00f1alizaci\u00f3n est\u00e1n dise\u00f1ados para mejorar la visibilidad y proporcionar una orientaci\u00f3n clara para peatones, conductores y visitantes en diversos entornos. Ya sea que necesite se\u00f1alizaci\u00f3n para carreteras, estacionamientos, campus o espacios p\u00fablicos, nuestros postes duraderos y confiables garantizan una comunicaci\u00f3n efectiva&#8230;<\/p>","protected":false},"author":1,"featured_media":0,"parent":0,"menu_order":0,"comment_status":"closed","ping_status":"closed","template":"","meta":{"_kad_blocks_custom_css":"","_kad_blocks_head_custom_js":"","_kad_blocks_body_custom_js":"","_kad_blocks_footer_custom_js":"","_kadence_starter_templates_imported_post":true,"_kad_post_transparent":"","_kad_post_title":"hide","_kad_post_layout":"fullwidth","_kad_post_sidebar_id":"","_kad_post_content_style":"unboxed","_kad_post_vertical_padding":"hide","_kad_post_feature":"hide","_kad_post_feature_position":"","_kad_post_header":false,"_kad_post_footer":false,"_kad_post_classname":"","footnotes":""},"class_list":["post-1419","page","type-page","status-publish","hentry"],"taxonomy_info":[],"featured_image_src_large":false,"author_info":{"display_name":"admin","author_link":"https:\/\/www.primesteelsolutions.com\/en\/author\/editor\/"},"comment_info":0,"_links":{"self":[{"href":"https:\/\/www.primesteelsolutions.com\/en\/wp-json\/wp\/v2\/pages\/1419","targetHints":{"allow":["GET"]}}],"collection":[{"href":"https:\/\/www.primesteelsolutions.com\/en\/wp-json\/wp\/v2\/pages"}],"about":[{"href":"https:\/\/www.primesteelsolutions.com\/en\/wp-json\/wp\/v2\/types\/page"}],"author":[{"embeddable":true,"href":"https:\/\/www.primesteelsolutions.com\/en\/wp-json\/wp\/v2\/users\/1"}],"replies":[{"embeddable":true,"href":"https:\/\/www.primesteelsolutions.com\/en\/wp-json\/wp\/v2\/comments?post=1419"}],"version-history":[{"count":5,"href":"https:\/\/www.primesteelsolutions.com\/en\/wp-json\/wp\/v2\/pages\/1419\/revisions"}],"predecessor-version":[{"id":1694,"href":"https:\/\/www.primesteelsolutions.com\/en\/wp-json\/wp\/v2\/pages\/1419\/revisions\/1694"}],"wp:attachment":[{"href":"https:\/\/www.primesteelsolutions.com\/en\/wp-json\/wp\/v2\/media?parent=1419"}],"curies":[{"name":"wp","href":"https:\/\/api.w.org\/{rel}","templated":true}]}}